{"id":501,"date":"2019-08-05T11:33:34","date_gmt":"2019-08-05T11:33:34","guid":{"rendered":"http:\/\/retirosbetania-betel.org\/?page_id=501"},"modified":"2023-05-29T11:03:06","modified_gmt":"2023-05-29T11:03:06","slug":"proteccion-de-datos","status":"publish","type":"page","link":"https:\/\/retirosbetania-betel.org\/en\/proteccion-de-datos","title":{"rendered":"Pol\u00edtica de Privacidad"},"content":{"rendered":"<p><strong>Protecci\u00f3n de Datos<\/strong><br \/>\nA los efectos del cumplimiento del Reglamento General de Protecci\u00f3n de Datos (RGPD), se establece la siguiente informaci\u00f3n:<\/p>\n<table class=\"opt_table_rgpd\">\n<tbody>\n<tr>\n<td>Responsable Tratamiento<\/td>\n<td>ASOCIACI\u00d3N BETEL, con domicilio social en C\/ Antonia Rodr\u00edguez Sacrist\u00e1n, 8 28044 MADRID &#8211; (MADRID) con CIF n\u00ba G78581386 madrid@betel.org<\/td>\n<\/tr>\n<tr>\n<td>Finalidad<\/td>\n<td>Se trata la informaci\u00f3n que nos facilitan las personas interesadas con el fin de gestionar el env\u00edo de la informaci\u00f3n que nos soliciten, facilitar al interesado ofertas de productos y servicios de su inter\u00e9s y mejorar su experiencia de usuario, pudiendo elaborarse, de ser necesario, un perfil comercial, en base a la informaci\u00f3n facilitada. No se tomar\u00e1n decisiones automatizadas en base a dicho perfil.<\/p>\n<p>Los datos personales proporcionados se conservar\u00e1n mientras se mantenga la relaci\u00f3n mercantil, y no se solicite su supresi\u00f3n por el interesado.<\/td>\n<\/tr>\n<tr>\n<td>Legitimaci\u00f3n<\/td>\n<td>Se solicita el consentimiento del interesado para el tratamiento de sus datos y la oferta prospectiva de productos y servicios.<\/td>\n<\/tr>\n<tr>\n<td>Destinatarios<\/td>\n<td>Los datos personales no se ceder\u00e1n a terceros, salvo en su caso, otras empresas de grupo para fines administrativos internos.<\/td>\n<\/tr>\n<tr>\n<td>Derechos<\/td>\n<td>Las personas interesadas tienen derecho a acceder a sus datos personales, as\u00ed como a solicitar la rectificaci\u00f3n de los datos inexactos o, en su caso, solicitar su supresi\u00f3n cuando, los datos ya no sean necesarios para los fines que fueron recogidos. Tambi\u00e9n los interesados en determinadas circunstancias podr\u00e1n oponerse al tratamiento de sus datos.<\/p>\n<p>Tambi\u00e9n tendr\u00e1 derecho a retirar el consentimiento prestado y a reclamar ante la Autoridad de Control.<\/p>\n<p>Para ejercer sus derechos deber\u00e1 ponerse en contacto con el Responsable en la direcci\u00f3n que aparece en el primer recuadro, acompa\u00f1ado de copia documento de identidad del interesado.<\/td>\n<\/tr>\n<\/tbody>\n<\/table>\n<p>Esta informaci\u00f3n se da en cumplimiento del deber de informar de los derechos en materia de protecci\u00f3n de datos y la forma de ejercerlos, seg\u00fan lo establecido en el <em>Reglamento General Europeo de Protecci\u00f3n de Datos (RGPD)<\/em> 2016\/679 del <em>Parlamento Europeo y del Consejo de 27 de abril de 2016<\/em> y la <em>Ley Org\u00e1nica 3\/2018<\/em>, de 5 de diciembre, de Protecci\u00f3n de Datos Personales y garant\u00eda de los derechos digitales.<\/p>","protected":false},"excerpt":{"rendered":"<p>Protecci\u00f3n de Datos A los efectos del cumplimiento del Reglamento General de Protecci\u00f3n de Datos (RGPD), se establece la siguiente informaci\u00f3n: Responsable Tratamiento ASOCIACI\u00d3N BETEL, con domicilio social en C\/ Antonia Rodr\u00edguez Sacrist\u00e1n, 8 28044 MADRID &#8211; (MADRID) con CIF n\u00ba G78581386 madrid@betel.org Finalidad Se trata la informaci\u00f3n que nos facilitan las personas interesadas con [&hellip;]<\/p>\n","protected":false},"author":1,"featured_media":0,"parent":0,"menu_order":0,"comment_status":"closed","ping_status":"closed","template":"templates\/template-full.php","meta":{"footnotes":""},"class_list":["post-501","page","type-page","status-publish","hentry","post"],"yoast_head":"<!-- This site is optimized with the Yoast SEO plugin v27.4 - https:\/\/yoast.com\/product\/yoast-seo-wordpress\/ -->\n<title>Pol\u00edtica de Privacidad - Betania<\/title>\n<meta name=\"robots\" content=\"index, follow, max-snippet:-1, max-image-preview:large, max-video-preview:-1\" \/>\n<link rel=\"canonical\" href=\"https:\/\/retirosbetania-betel.org\/en\/proteccion-de-datos\/\" \/>\n<meta property=\"og:locale\" content=\"en_US\" \/>\n<meta property=\"og:type\" content=\"article\" \/>\n<meta property=\"og:title\" content=\"Pol\u00edtica de Privacidad - Betania\" \/>\n<meta property=\"og:description\" content=\"Protecci\u00f3n de Datos A los efectos del cumplimiento del Reglamento General de Protecci\u00f3n de Datos (RGPD), se establece la siguiente informaci\u00f3n: Responsable Tratamiento ASOCIACI\u00d3N BETEL, con domicilio social en C\/ Antonia Rodr\u00edguez Sacrist\u00e1n, 8 28044 MADRID &#8211; (MADRID) con CIF n\u00ba G78581386 madrid@betel.org Finalidad Se trata la informaci\u00f3n que nos facilitan las personas interesadas con [&hellip;]\" \/>\n<meta property=\"og:url\" content=\"https:\/\/retirosbetania-betel.org\/en\/proteccion-de-datos\/\" \/>\n<meta property=\"og:site_name\" content=\"Betania\" \/>\n<meta property=\"article:modified_time\" content=\"2023-05-29T11:03:06+00:00\" \/>\n<meta name=\"twitter:card\" content=\"summary_large_image\" \/>\n<meta name=\"twitter:label1\" content=\"Est. reading time\" \/>\n\t<meta name=\"twitter:data1\" content=\"2 minutes\" \/>\n<script type=\"application\/ld+json\" class=\"yoast-schema-graph\">{\"@context\":\"https:\\\/\\\/schema.org\",\"@graph\":[{\"@type\":\"WebPage\",\"@id\":\"https:\\\/\\\/retirosbetania-betel.org\\\/proteccion-de-datos\",\"url\":\"https:\\\/\\\/retirosbetania-betel.org\\\/proteccion-de-datos\",\"name\":\"Pol\u00edtica de Privacidad - Betania\",\"isPartOf\":{\"@id\":\"https:\\\/\\\/retirosbetania-betel.org\\\/#website\"},\"datePublished\":\"2019-08-05T11:33:34+00:00\",\"dateModified\":\"2023-05-29T11:03:06+00:00\",\"breadcrumb\":{\"@id\":\"https:\\\/\\\/retirosbetania-betel.org\\\/proteccion-de-datos#breadcrumb\"},\"inLanguage\":\"en-US\",\"potentialAction\":[{\"@type\":\"ReadAction\",\"target\":[\"https:\\\/\\\/retirosbetania-betel.org\\\/proteccion-de-datos\"]}]},{\"@type\":\"BreadcrumbList\",\"@id\":\"https:\\\/\\\/retirosbetania-betel.org\\\/proteccion-de-datos#breadcrumb\",\"itemListElement\":[{\"@type\":\"ListItem\",\"position\":1,\"name\":\"Portada\",\"item\":\"https:\\\/\\\/retirosbetania-betel.org\\\/\"},{\"@type\":\"ListItem\",\"position\":2,\"name\":\"Pol\u00edtica de Privacidad\"}]},{\"@type\":\"WebSite\",\"@id\":\"https:\\\/\\\/retirosbetania-betel.org\\\/#website\",\"url\":\"https:\\\/\\\/retirosbetania-betel.org\\\/\",\"name\":\"Betania\",\"description\":\"Centro de Retiros, Conferencias y Campamentos\",\"publisher\":{\"@id\":\"https:\\\/\\\/retirosbetania-betel.org\\\/#organization\"},\"potentialAction\":[{\"@type\":\"SearchAction\",\"target\":{\"@type\":\"EntryPoint\",\"urlTemplate\":\"https:\\\/\\\/retirosbetania-betel.org\\\/?s={search_term_string}\"},\"query-input\":{\"@type\":\"PropertyValueSpecification\",\"valueRequired\":true,\"valueName\":\"search_term_string\"}}],\"inLanguage\":\"en-US\"},{\"@type\":\"Organization\",\"@id\":\"https:\\\/\\\/retirosbetania-betel.org\\\/#organization\",\"name\":\"Retiros Betania\",\"url\":\"https:\\\/\\\/retirosbetania-betel.org\\\/\",\"logo\":{\"@type\":\"ImageObject\",\"inLanguage\":\"en-US\",\"@id\":\"https:\\\/\\\/retirosbetania-betel.org\\\/#\\\/schema\\\/logo\\\/image\\\/\",\"url\":\"https:\\\/\\\/retirosbetania-betel.org\\\/wp-content\\\/uploads\\\/2015\\\/10\\\/Betania2.jpg\",\"contentUrl\":\"https:\\\/\\\/retirosbetania-betel.org\\\/wp-content\\\/uploads\\\/2015\\\/10\\\/Betania2.jpg\",\"width\":375,\"height\":179,\"caption\":\"Retiros Betania\"},\"image\":{\"@id\":\"https:\\\/\\\/retirosbetania-betel.org\\\/#\\\/schema\\\/logo\\\/image\\\/\"}}]}<\/script>\n<!-- \/ Yoast SEO plugin. -->","yoast_head_json":{"title":"Pol\u00edtica de Privacidad - Betania","robots":{"index":"index","follow":"follow","max-snippet":"max-snippet:-1","max-image-preview":"max-image-preview:large","max-video-preview":"max-video-preview:-1"},"canonical":"https:\/\/retirosbetania-betel.org\/en\/proteccion-de-datos\/","og_locale":"en_US","og_type":"article","og_title":"Pol\u00edtica de Privacidad - Betania","og_description":"Protecci\u00f3n de Datos A los efectos del cumplimiento del Reglamento General de Protecci\u00f3n de Datos (RGPD), se establece la siguiente informaci\u00f3n: Responsable Tratamiento ASOCIACI\u00d3N BETEL, con domicilio social en C\/ Antonia Rodr\u00edguez Sacrist\u00e1n, 8 28044 MADRID &#8211; (MADRID) con CIF n\u00ba G78581386 madrid@betel.org Finalidad Se trata la informaci\u00f3n que nos facilitan las personas interesadas con [&hellip;]","og_url":"https:\/\/retirosbetania-betel.org\/en\/proteccion-de-datos\/","og_site_name":"Betania","article_modified_time":"2023-05-29T11:03:06+00:00","twitter_card":"summary_large_image","twitter_misc":{"Est. reading time":"2 minutes"},"schema":{"@context":"https:\/\/schema.org","@graph":[{"@type":"WebPage","@id":"https:\/\/retirosbetania-betel.org\/proteccion-de-datos","url":"https:\/\/retirosbetania-betel.org\/proteccion-de-datos","name":"Pol\u00edtica de Privacidad - Betania","isPartOf":{"@id":"https:\/\/retirosbetania-betel.org\/#website"},"datePublished":"2019-08-05T11:33:34+00:00","dateModified":"2023-05-29T11:03:06+00:00","breadcrumb":{"@id":"https:\/\/retirosbetania-betel.org\/proteccion-de-datos#breadcrumb"},"inLanguage":"en-US","potentialAction":[{"@type":"ReadAction","target":["https:\/\/retirosbetania-betel.org\/proteccion-de-datos"]}]},{"@type":"BreadcrumbList","@id":"https:\/\/retirosbetania-betel.org\/proteccion-de-datos#breadcrumb","itemListElement":[{"@type":"ListItem","position":1,"name":"Portada","item":"https:\/\/retirosbetania-betel.org\/"},{"@type":"ListItem","position":2,"name":"Pol\u00edtica de Privacidad"}]},{"@type":"WebSite","@id":"https:\/\/retirosbetania-betel.org\/#website","url":"https:\/\/retirosbetania-betel.org\/","name":"Betania","description":"Centro de Retiros, Conferencias y Campamentos","publisher":{"@id":"https:\/\/retirosbetania-betel.org\/#organization"},"potentialAction":[{"@type":"SearchAction","target":{"@type":"EntryPoint","urlTemplate":"https:\/\/retirosbetania-betel.org\/?s={search_term_string}"},"query-input":{"@type":"PropertyValueSpecification","valueRequired":true,"valueName":"search_term_string"}}],"inLanguage":"en-US"},{"@type":"Organization","@id":"https:\/\/retirosbetania-betel.org\/#organization","name":"Retiros Betania","url":"https:\/\/retirosbetania-betel.org\/","logo":{"@type":"ImageObject","inLanguage":"en-US","@id":"https:\/\/retirosbetania-betel.org\/#\/schema\/logo\/image\/","url":"https:\/\/retirosbetania-betel.org\/wp-content\/uploads\/2015\/10\/Betania2.jpg","contentUrl":"https:\/\/retirosbetania-betel.org\/wp-content\/uploads\/2015\/10\/Betania2.jpg","width":375,"height":179,"caption":"Retiros Betania"},"image":{"@id":"https:\/\/retirosbetania-betel.org\/#\/schema\/logo\/image\/"}}]}},"_links":{"self":[{"href":"https:\/\/retirosbetania-betel.org\/en\/wp-json\/wp\/v2\/pages\/501","targetHints":{"allow":["GET"]}}],"collection":[{"href":"https:\/\/retirosbetania-betel.org\/en\/wp-json\/wp\/v2\/pages"}],"about":[{"href":"https:\/\/retirosbetania-betel.org\/en\/wp-json\/wp\/v2\/types\/page"}],"author":[{"embeddable":true,"href":"https:\/\/retirosbetania-betel.org\/en\/wp-json\/wp\/v2\/users\/1"}],"replies":[{"embeddable":true,"href":"https:\/\/retirosbetania-betel.org\/en\/wp-json\/wp\/v2\/comments?post=501"}],"version-history":[{"count":2,"href":"https:\/\/retirosbetania-betel.org\/en\/wp-json\/wp\/v2\/pages\/501\/revisions"}],"predecessor-version":[{"id":734,"href":"https:\/\/retirosbetania-betel.org\/en\/wp-json\/wp\/v2\/pages\/501\/revisions\/734"}],"wp:attachment":[{"href":"https:\/\/retirosbetania-betel.org\/en\/wp-json\/wp\/v2\/media?parent=501"}],"curies":[{"name":"wp","href":"https:\/\/api.w.org\/{rel}","templated":true}]}}