{"id":27,"date":"2015-10-28T12:27:23","date_gmt":"2015-10-28T12:27:23","guid":{"rendered":"http:\/\/retirosbetania-betel.org\/?page_id=27"},"modified":"2022-08-16T10:06:40","modified_gmt":"2022-08-16T10:06:40","slug":"instalaciones","status":"publish","type":"page","link":"https:\/\/retirosbetania-betel.org\/en\/instalaciones","title":{"rendered":"Facilities"},"content":{"rendered":"<div id=\"pl-27\"  class=\"panel-layout\" ><div id=\"pg-27-0\"  class=\"panel-grid panel-no-style\" ><div id=\"pgc-27-0-0\"  class=\"panel-grid-cell\" ><div id=\"panel-27-0-0-0\" class=\"so-panel widget widget_black-studio-tinymce widget_black_studio_tinymce panel-first-child panel-last-child\" data-index=\"0\" ><h3 class=\"widget-title\">The Property<\/h3><div class=\"textwidget\"><p style=\"text-align: justify;\">The houses have a rustic style, ideal for disconnecting from your daily routine. You will find many nooks and crannies that are perfect for a spiritual encounter with God. The calm atmosphere invites you to connect with nature and take advantage of the beautiful gardens and shady trees.<\/p>\n<p style=\"text-align: justify;\">The property is just one kilometer south of Ciudad Real. It is well connected with freeway networks, highways and expressways from Madrid, Badajoz, Cordoba and Valencia.<\/p>\n<\/div><\/div><\/div><div id=\"pgc-27-0-1\"  class=\"panel-grid-cell\" ><div id=\"panel-27-0-1-0\" class=\"so-panel widget widget_media_image panel-first-child panel-last-child\" data-index=\"1\" ><div style=\"width: 310px\" class=\"wp-caption alignnone\"><a href=\"https:\/\/retirosbetania-betel.org\/wp-content\/uploads\/2015\/10\/betania-entrada.jpg\"><img loading=\"lazy\" decoding=\"async\" width=\"300\" height=\"200\" src=\"https:\/\/retirosbetania-betel.org\/wp-content\/uploads\/2015\/10\/betania-entrada-300x200.jpg\" class=\"image wp-image-106  attachment-medium size-medium\" alt=\"Entrada Principal de Betania\" style=\"max-width: 100%; height: auto;\" srcset=\"https:\/\/retirosbetania-betel.org\/wp-content\/uploads\/2015\/10\/betania-entrada-300x200.jpg 300w, https:\/\/retirosbetania-betel.org\/wp-content\/uploads\/2015\/10\/betania-entrada-272x182.jpg 272w, https:\/\/retirosbetania-betel.org\/wp-content\/uploads\/2015\/10\/betania-entrada.jpg 850w\" sizes=\"auto, (max-width: 300px) 100vw, 300px\" \/><\/a><p class=\"wp-caption-text\">Entrance to main building<\/p><\/div><\/div><\/div><\/div><div id=\"pg-27-1\"  class=\"panel-grid panel-no-style\" ><div id=\"pgc-27-1-0\"  class=\"panel-grid-cell\" ><div id=\"panel-27-1-0-0\" class=\"so-panel widget widget_black-studio-tinymce widget_black_studio_tinymce panel-first-child panel-last-child\" data-index=\"2\" ><div class=\"textwidget\"><ul>\n<li>Summer auditorium with space for 3000 people<\/li>\n<li>Dining hall for up to 350 people<\/li>\n<li>Air conditioned auditorium with space for 300 people<\/li>\n<li>300 beds<\/li>\n<li>28 rooms for families with children<\/li>\n<li>Camping grounds with space for up to 1,500 people with bathrooms and showers<\/li>\n<li>Meeting hall with space for 150 people<\/li>\n<li>Playground<\/li>\n<li>Soccer Field<\/li>\n<li>Volleyball court with sand<\/li>\n<li>Basketball court<\/li>\n<li>Swimming pool for adults and baby pool<\/li>\n<li>Walking paths<\/li>\n<li>Vending machines<\/li>\n<\/ul>\n<\/div><\/div><\/div><div id=\"pgc-27-1-1\"  class=\"panel-grid-cell\" ><div id=\"panel-27-1-1-0\" class=\"so-panel widget widget_media_image panel-first-child\" data-index=\"3\" ><div style=\"width: 310px\" class=\"wp-caption alignnone\"><img loading=\"lazy\" decoding=\"async\" width=\"300\" height=\"200\" src=\"https:\/\/retirosbetania-betel.org\/wp-content\/uploads\/2019\/09\/IMG_2130-2-300x200.jpg\" class=\"image wp-image-532  attachment-medium size-medium\" alt=\"Betania\" style=\"max-width: 100%; height: auto;\" srcset=\"https:\/\/retirosbetania-betel.org\/wp-content\/uploads\/2019\/09\/IMG_2130-2-300x200.jpg 300w, https:\/\/retirosbetania-betel.org\/wp-content\/uploads\/2019\/09\/IMG_2130-2-768x512.jpg 768w, https:\/\/retirosbetania-betel.org\/wp-content\/uploads\/2019\/09\/IMG_2130-2-1024x682.jpg 1024w, https:\/\/retirosbetania-betel.org\/wp-content\/uploads\/2019\/09\/IMG_2130-2-272x182.jpg 272w, https:\/\/retirosbetania-betel.org\/wp-content\/uploads\/2019\/09\/IMG_2130-2.jpg 2000w\" sizes=\"auto, (max-width: 300px) 100vw, 300px\" \/><p class=\"wp-caption-text\">Summer auditorium with capacity for 3000 people<\/p><\/div><\/div><div id=\"panel-27-1-1-1\" class=\"so-panel widget widget_media_image panel-last-child\" data-index=\"4\" ><div style=\"width: 310px\" class=\"wp-caption alignnone\"><img loading=\"lazy\" decoding=\"async\" width=\"300\" height=\"169\" src=\"https:\/\/retirosbetania-betel.org\/wp-content\/uploads\/2017\/06\/auditorio-climatizado-300x169.jpg\" class=\"image wp-image-190  attachment-medium size-medium\" alt=\"Auditorio climatizado\" style=\"max-width: 100%; height: auto;\" srcset=\"https:\/\/retirosbetania-betel.org\/wp-content\/uploads\/2017\/06\/auditorio-climatizado-300x169.jpg 300w, https:\/\/retirosbetania-betel.org\/wp-content\/uploads\/2017\/06\/auditorio-climatizado-768x432.jpg 768w, https:\/\/retirosbetania-betel.org\/wp-content\/uploads\/2017\/06\/auditorio-climatizado.jpg 800w\" sizes=\"auto, (max-width: 300px) 100vw, 300px\" \/><p class=\"wp-caption-text\">Air conditioned auditorium<\/p><\/div><\/div><\/div><\/div><div id=\"pg-27-2\"  class=\"panel-grid panel-no-style\" ><div id=\"pgc-27-2-0\"  class=\"panel-grid-cell\" ><\/div><\/div><div id=\"pg-27-3\"  class=\"panel-grid panel-no-style\" ><div id=\"pgc-27-3-0\"  class=\"panel-grid-cell\" ><div id=\"panel-27-3-0-0\" class=\"so-panel widget widget_black-studio-tinymce widget_black_studio_tinymce panel-first-child panel-last-child\" data-index=\"6\" ><h3 class=\"widget-title\">Tourist Attractions in the Area<\/h3><div class=\"textwidget\"><p style=\"text-align: justify;\">Places of interest:<\/p>\n<p style=\"text-align: justify;\"><a href=\"https:\/\/www.spain.info\/en\/nature\/tablas-daimiel-national-park\/\" target=\"_blank\" rel=\"noopener\">Las Tablas de Daimiel National Park<\/a>, <a href=\"https:\/\/www.elmiradordelamancha.com\/en\/surroundings\/sacro-convento-castillo-calatrava-la-nueva\/\" target=\"_blank\" rel=\"noopener\">Castle of Calatrava La Nueva<\/a>, <a href=\"http:\/\/www.ciudad-almagro.com\/index.php?lang=2\" target=\"_blank\" rel=\"noopener\">Corral de Comedias and Plaza Mayor of Almagro<\/a>, <a href=\"https:\/\/www.spain.info\/en\/places-of-interest\/museum-don-quixote\/\" target=\"_blank\" rel=\"noopener\">Don Quijote Museums<\/a>, <a href=\"https:\/\/www.ciudadreal.es\/la-ciudad\/cultura\/museos\/museo-elisa-cendrero.html\" target=\"_blank\" rel=\"noopener\">Elisa Cendreros and L\u00f3pez Villase\u00f1or<\/a>, archaeological sites of <a href=\"https:\/\/cultura.castillalamancha.es\/patrimonio\/parques-arqueologicos\/alarcos\" target=\"_blank\" rel=\"noopener\">Alarcos<\/a> (Ciudad Real) and <a href=\"http:\/\/www.ciudad-real.es\/lugares\/cerrodelascabezas.php\" target=\"_blank\" rel=\"noopener\">Valdepe\u00f1as<\/a>.<br \/>\n<span style=\"line-height: 1.5;\">The majority of these attractions are free of charge and others have special group rates.<br \/>\n<\/span><span style=\"line-height: 1.5;\">A bit further out, you can find <a href=\"http:\/\/www.lagunasderuidera.net\/\" target=\"_blank\" rel=\"noopener\">Lagunas de Ruidera<\/a>, the <a href=\"https:\/\/www.spain.info\/en\/nature\/cabaneros-national-park\/\" target=\"_blank\" rel=\"noopener\">Caba\u00f1eros National Park<\/a> and the <a href=\"http:\/\/en.www.turismocastillalamancha.es\/naturaleza\/parque-natural-del-valle-de-alcudia-y-sierra-madrona-59972\/descripcion\/\" target=\"_blank\" rel=\"noopener\">Alcudia Valley<\/a>, Windmills of <a href=\"https:\/\/www.hotellacaminera.com\/en\/setting\/campo-de-criptana-s-windmills\/\" target=\"_blank\" rel=\"noopener\">Windmills of Campo de Criptana<\/a>, El Toboso and the museum of <a href=\"http:\/\/en.www.turismocastillalamancha.es\/patrimonio\/museo-casa-de-dulcinea-del-toboso-2561\/descripcion\/\" target=\"_blank\" rel=\"noopener\">Dulcinea<\/a>, The Don Quijote Inn in <a href=\"http:\/\/en.www.turismocastillalamancha.es\/patrimonio\/puerto-lapice-56231\/descripcion\/\" target=\"_blank\" rel=\"noopener\">Puertolapice<\/a>; ect.<\/span><\/p>\n<\/div><\/div><\/div><div id=\"pgc-27-3-1\"  class=\"panel-grid-cell\" ><div id=\"panel-27-3-1-0\" class=\"so-panel widget widget_media_image panel-first-child panel-last-child\" data-index=\"7\" ><div style=\"width: 310px\" class=\"wp-caption alignnone\"><a href=\"http:\/\/www.lastablasdedaimiel.com\" target=\"_blank\"><img loading=\"lazy\" decoding=\"async\" width=\"300\" height=\"191\" src=\"https:\/\/retirosbetania-betel.org\/wp-content\/uploads\/2015\/10\/tablas-de-damiel-1-300x191.jpg\" class=\"image wp-image-222  attachment-medium size-medium\" alt=\"Las Tablas de Daimiel\" style=\"max-width: 100%; height: auto;\" srcset=\"https:\/\/retirosbetania-betel.org\/wp-content\/uploads\/2015\/10\/tablas-de-damiel-1-300x191.jpg 300w, https:\/\/retirosbetania-betel.org\/wp-content\/uploads\/2015\/10\/tablas-de-damiel-1.jpg 376w\" sizes=\"auto, (max-width: 300px) 100vw, 300px\" \/><\/a><p class=\"wp-caption-text\">Las Tablas de Daimiel<\/p><\/div><\/div><\/div><\/div><div id=\"pg-27-4\"  class=\"panel-grid panel-no-style\" ><div id=\"pgc-27-4-0\"  class=\"panel-grid-cell\" ><div id=\"panel-27-4-0-0\" class=\"so-panel widget widget_black-studio-tinymce widget_black_studio_tinymce panel-first-child panel-last-child\" data-index=\"8\" ><div class=\"panel-widget-style panel-widget-style-for-27-4-0-0\" ><h3 class=\"widget-title\">Layout of the Accommodations<\/h3><div class=\"textwidget\"><\/div><\/div><\/div><\/div><\/div><div id=\"pg-27-5\"  class=\"panel-grid panel-no-style\" ><div id=\"pgc-27-5-0\"  class=\"panel-grid-cell\" ><div id=\"panel-27-5-0-0\" class=\"so-panel widget widget_sow-button panel-first-child\" data-index=\"9\" ><div\n\t\t\t\n\t\t\tclass=\"so-widget-sow-button so-widget-sow-button-atom-857739567c6a-27\"\n\t\t\t\n\t\t><div class=\"ow-button-base ow-button-align-center\"\n>\n\t\t\t<a\n\t\t\t\t\thref=\"http:\/\/retirosbetania-betel.org\/wp-content\/uploads\/2017\/06\/Mapa_Habitaciones_BETANIA_Residencia.pdf\"\n\t\t\t\t\tclass=\"sowb-button ow-icon-placement-left ow-button-hover\" target=\"_blank\" rel=\"noopener noreferrer\" \t>\n\t\t<span>\n\t\t\t<span class=\"sow-icon-icomoon\" data-sow-icon=\"&#xe901;\"\n\t\tstyle=\"\" \n\t\taria-hidden=\"true\"><\/span>\n\t\t\tLayout of the Main Building\t\t<\/span>\n\t\t\t<\/a>\n\t<\/div>\n<\/div><\/div><div id=\"panel-27-5-0-1\" class=\"so-panel widget widget_sow-button panel-last-child\" data-index=\"10\" ><div\n\t\t\t\n\t\t\tclass=\"so-widget-sow-button so-widget-sow-button-atom-857739567c6a-27\"\n\t\t\t\n\t\t><div class=\"ow-button-base ow-button-align-center\"\n>\n\t\t\t<a\n\t\t\t\t\thref=\"http:\/\/retirosbetania-betel.org\/wp-content\/uploads\/2017\/06\/Mapa_Habitaciones_BETANIA_Chalet.pdf\"\n\t\t\t\t\tclass=\"sowb-button ow-icon-placement-left ow-button-hover\" target=\"_blank\" rel=\"noopener noreferrer\" \t>\n\t\t<span>\n\t\t\t<span class=\"sow-icon-icomoon\" data-sow-icon=\"&#xe900;\"\n\t\tstyle=\"\" \n\t\taria-hidden=\"true\"><\/span>\n\t\t\tLayout of the Chalet\t\t<\/span>\n\t\t\t<\/a>\n\t<\/div>\n<\/div><\/div><\/div><div id=\"pgc-27-5-1\"  class=\"panel-grid-cell\" ><div id=\"panel-27-5-1-0\" class=\"so-panel widget widget_sow-button panel-first-child\" data-index=\"11\" ><div\n\t\t\t\n\t\t\tclass=\"so-widget-sow-button so-widget-sow-button-atom-857739567c6a-27\"\n\t\t\t\n\t\t><div class=\"ow-button-base ow-button-align-center\"\n>\n\t\t\t<a\n\t\t\t\t\thref=\"http:\/\/retirosbetania-betel.org\/wp-content\/uploads\/2017\/06\/Mapa_Habitaciones_BETANIA_Alojamientos.pdf\"\n\t\t\t\t\tclass=\"sowb-button ow-icon-placement-left ow-button-hover\" target=\"_blank\" rel=\"noopener noreferrer\" \t>\n\t\t<span>\n\t\t\t<span class=\"sow-icon-ionicons\" data-sow-icon=\"&#xf448;\"\n\t\tstyle=\"\" \n\t\taria-hidden=\"true\"><\/span>\n\t\t\tLayout of the Family Complex\t\t<\/span>\n\t\t\t<\/a>\n\t<\/div>\n<\/div><\/div><div id=\"panel-27-5-1-1\" class=\"so-panel widget widget_sow-button panel-last-child\" data-index=\"12\" ><div\n\t\t\t\n\t\t\tclass=\"so-widget-sow-button so-widget-sow-button-atom-857739567c6a-27\"\n\t\t\t\n\t\t><div class=\"ow-button-base ow-button-align-center\"\n>\n\t\t\t<a\n\t\t\t\t\thref=\"http:\/\/retirosbetania-betel.org\/wp-content\/uploads\/2017\/06\/Mapa_Habitaciones_BETANIA_Alojam_Normal.pdf\"\n\t\t\t\t\tclass=\"sowb-button ow-icon-placement-left ow-button-hover\" target=\"_blank\" rel=\"noopener noreferrer\" \t>\n\t\t<span>\n\t\t\t<span class=\"sow-icon-fontawesome sow-fas\" data-sow-icon=\"&#xf236;\"\n\t\tstyle=\"\" \n\t\taria-hidden=\"true\"><\/span>\n\t\t\tLayout of one Family Unit\t\t<\/span>\n\t\t\t<\/a>\n\t<\/div>\n<\/div><\/div><\/div><div id=\"pgc-27-5-2\"  class=\"panel-grid-cell\" ><div id=\"panel-27-5-2-0\" class=\"so-panel widget widget_sow-button panel-first-child panel-last-child\" data-index=\"13\" ><div\n\t\t\t\n\t\t\tclass=\"so-widget-sow-button so-widget-sow-button-atom-857739567c6a-27\"\n\t\t\t\n\t\t><div class=\"ow-button-base ow-button-align-center\"\n>\n\t\t\t<a\n\t\t\t\t\thref=\"http:\/\/retirosbetania-betel.org\/wp-content\/uploads\/2017\/06\/Mapa_Habitaciones_BETANIA_Alojam_Accesible.pdf\"\n\t\t\t\t\tclass=\"sowb-button ow-icon-placement-left ow-button-hover\" target=\"_blank\" rel=\"noopener noreferrer\" \t>\n\t\t<span>\n\t\t\t<span class=\"sow-icon-fontawesome sow-fas\" data-sow-icon=\"&#xf193;\"\n\t\tstyle=\"\" \n\t\taria-hidden=\"true\"><\/span>\n\t\t\tLayout of Accessible Housing\t\t<\/span>\n\t\t\t<\/a>\n\t<\/div>\n<\/div><\/div><\/div><\/div><\/div>","protected":false},"excerpt":{"rendered":"<p>La Casa tiene un estilo r\u00fastico y familiar ideal para desconectar de la rutina diaria. Sus rincones son ideales para tener un encuentro espiritual con Dios. Cuenta con una quietud que invita a conectar con la naturaleza y aprovechar sus hermosos jardines y sus frondosos \u00e1rboles. La finca est\u00e1 a s\u00f3lo un kil\u00f3metro al sur [&hellip;]<\/p>\n","protected":false},"author":1,"featured_media":0,"parent":0,"menu_order":0,"comment_status":"closed","ping_status":"closed","template":"","meta":{"footnotes":""},"class_list":["post-27","page","type-page","status-publish","hentry","post"],"yoast_head":"<!-- This site is optimized with the Yoast SEO plugin v27.4 - https:\/\/yoast.com\/product\/yoast-seo-wordpress\/ -->\n<title>Centro de Retiros Betania - Instalaciones<\/title>\n<meta name=\"description\" content=\"Betania tiene todas las instalaciones para un retiro o campamento completo, con 300 plazas de cama, comedor para 350, auditorios, piscinas para adultos y ni\u00f1os, jard\u00edn infantil, campos para deportes y mucho m\u00e1s!\" \/>\n<meta name=\"robots\" content=\"index, follow, max-snippet:-1, max-image-preview:large, max-video-preview:-1\" \/>\n<link rel=\"canonical\" href=\"https:\/\/retirosbetania-betel.org\/en\/instalaciones\/\" \/>\n<meta property=\"og:locale\" content=\"en_US\" \/>\n<meta property=\"og:type\" content=\"article\" \/>\n<meta property=\"og:title\" content=\"Centro de Retiros Betania - Instalaciones\" \/>\n<meta property=\"og:description\" content=\"Betania tiene todas las instalaciones para un retiro o campamento completo, con 300 plazas de cama, comedor para 350, auditorios, piscinas para adultos y ni\u00f1os, jard\u00edn infantil, campos para deportes y mucho m\u00e1s!\" \/>\n<meta property=\"og:url\" content=\"https:\/\/retirosbetania-betel.org\/en\/instalaciones\/\" \/>\n<meta property=\"og:site_name\" content=\"Betania\" \/>\n<meta property=\"article:modified_time\" content=\"2022-08-16T10:06:40+00:00\" \/>\n<meta name=\"twitter:card\" content=\"summary_large_image\" \/>\n<meta name=\"twitter:label1\" content=\"Est. reading time\" \/>\n\t<meta name=\"twitter:data1\" content=\"2 minutes\" \/>\n<script type=\"application\/ld+json\" class=\"yoast-schema-graph\">{\"@context\":\"https:\\\/\\\/schema.org\",\"@graph\":[{\"@type\":\"WebPage\",\"@id\":\"https:\\\/\\\/retirosbetania-betel.org\\\/instalaciones\",\"url\":\"https:\\\/\\\/retirosbetania-betel.org\\\/instalaciones\",\"name\":\"Centro de Retiros Betania - Instalaciones\",\"isPartOf\":{\"@id\":\"https:\\\/\\\/retirosbetania-betel.org\\\/#website\"},\"datePublished\":\"2015-10-28T12:27:23+00:00\",\"dateModified\":\"2022-08-16T10:06:40+00:00\",\"description\":\"Betania tiene todas las instalaciones para un retiro o campamento completo, con 300 plazas de cama, comedor para 350, auditorios, piscinas para adultos y ni\u00f1os, jard\u00edn infantil, campos para deportes y mucho m\u00e1s!\",\"breadcrumb\":{\"@id\":\"https:\\\/\\\/retirosbetania-betel.org\\\/instalaciones#breadcrumb\"},\"inLanguage\":\"en-US\",\"potentialAction\":[{\"@type\":\"ReadAction\",\"target\":[\"https:\\\/\\\/retirosbetania-betel.org\\\/instalaciones\"]}]},{\"@type\":\"BreadcrumbList\",\"@id\":\"https:\\\/\\\/retirosbetania-betel.org\\\/instalaciones#breadcrumb\",\"itemListElement\":[{\"@type\":\"ListItem\",\"position\":1,\"name\":\"Portada\",\"item\":\"https:\\\/\\\/retirosbetania-betel.org\\\/\"},{\"@type\":\"ListItem\",\"position\":2,\"name\":\"Instalaciones\"}]},{\"@type\":\"WebSite\",\"@id\":\"https:\\\/\\\/retirosbetania-betel.org\\\/#website\",\"url\":\"https:\\\/\\\/retirosbetania-betel.org\\\/\",\"name\":\"Betania\",\"description\":\"Centro de Retiros, Conferencias y Campamentos\",\"publisher\":{\"@id\":\"https:\\\/\\\/retirosbetania-betel.org\\\/#organization\"},\"potentialAction\":[{\"@type\":\"SearchAction\",\"target\":{\"@type\":\"EntryPoint\",\"urlTemplate\":\"https:\\\/\\\/retirosbetania-betel.org\\\/?s={search_term_string}\"},\"query-input\":{\"@type\":\"PropertyValueSpecification\",\"valueRequired\":true,\"valueName\":\"search_term_string\"}}],\"inLanguage\":\"en-US\"},{\"@type\":\"Organization\",\"@id\":\"https:\\\/\\\/retirosbetania-betel.org\\\/#organization\",\"name\":\"Retiros Betania\",\"url\":\"https:\\\/\\\/retirosbetania-betel.org\\\/\",\"logo\":{\"@type\":\"ImageObject\",\"inLanguage\":\"en-US\",\"@id\":\"https:\\\/\\\/retirosbetania-betel.org\\\/#\\\/schema\\\/logo\\\/image\\\/\",\"url\":\"https:\\\/\\\/retirosbetania-betel.org\\\/wp-content\\\/uploads\\\/2015\\\/10\\\/Betania2.jpg\",\"contentUrl\":\"https:\\\/\\\/retirosbetania-betel.org\\\/wp-content\\\/uploads\\\/2015\\\/10\\\/Betania2.jpg\",\"width\":375,\"height\":179,\"caption\":\"Retiros Betania\"},\"image\":{\"@id\":\"https:\\\/\\\/retirosbetania-betel.org\\\/#\\\/schema\\\/logo\\\/image\\\/\"}}]}<\/script>\n<!-- \/ Yoast SEO plugin. -->","yoast_head_json":{"title":"Centro de Retiros Betania - Instalaciones","description":"Betania tiene todas las instalaciones para un retiro o campamento completo, con 300 plazas de cama, comedor para 350, auditorios, piscinas para adultos y ni\u00f1os, jard\u00edn infantil, campos para deportes y mucho m\u00e1s!","robots":{"index":"index","follow":"follow","max-snippet":"max-snippet:-1","max-image-preview":"max-image-preview:large","max-video-preview":"max-video-preview:-1"},"canonical":"https:\/\/retirosbetania-betel.org\/en\/instalaciones\/","og_locale":"en_US","og_type":"article","og_title":"Centro de Retiros Betania - Instalaciones","og_description":"Betania tiene todas las instalaciones para un retiro o campamento completo, con 300 plazas de cama, comedor para 350, auditorios, piscinas para adultos y ni\u00f1os, jard\u00edn infantil, campos para deportes y mucho m\u00e1s!","og_url":"https:\/\/retirosbetania-betel.org\/en\/instalaciones\/","og_site_name":"Betania","article_modified_time":"2022-08-16T10:06:40+00:00","twitter_card":"summary_large_image","twitter_misc":{"Est. reading time":"2 minutes"},"schema":{"@context":"https:\/\/schema.org","@graph":[{"@type":"WebPage","@id":"https:\/\/retirosbetania-betel.org\/instalaciones","url":"https:\/\/retirosbetania-betel.org\/instalaciones","name":"Centro de Retiros Betania - Instalaciones","isPartOf":{"@id":"https:\/\/retirosbetania-betel.org\/#website"},"datePublished":"2015-10-28T12:27:23+00:00","dateModified":"2022-08-16T10:06:40+00:00","description":"Betania tiene todas las instalaciones para un retiro o campamento completo, con 300 plazas de cama, comedor para 350, auditorios, piscinas para adultos y ni\u00f1os, jard\u00edn infantil, campos para deportes y mucho m\u00e1s!","breadcrumb":{"@id":"https:\/\/retirosbetania-betel.org\/instalaciones#breadcrumb"},"inLanguage":"en-US","potentialAction":[{"@type":"ReadAction","target":["https:\/\/retirosbetania-betel.org\/instalaciones"]}]},{"@type":"BreadcrumbList","@id":"https:\/\/retirosbetania-betel.org\/instalaciones#breadcrumb","itemListElement":[{"@type":"ListItem","position":1,"name":"Portada","item":"https:\/\/retirosbetania-betel.org\/"},{"@type":"ListItem","position":2,"name":"Instalaciones"}]},{"@type":"WebSite","@id":"https:\/\/retirosbetania-betel.org\/#website","url":"https:\/\/retirosbetania-betel.org\/","name":"Betania","description":"Centro de Retiros, Conferencias y Campamentos","publisher":{"@id":"https:\/\/retirosbetania-betel.org\/#organization"},"potentialAction":[{"@type":"SearchAction","target":{"@type":"EntryPoint","urlTemplate":"https:\/\/retirosbetania-betel.org\/?s={search_term_string}"},"query-input":{"@type":"PropertyValueSpecification","valueRequired":true,"valueName":"search_term_string"}}],"inLanguage":"en-US"},{"@type":"Organization","@id":"https:\/\/retirosbetania-betel.org\/#organization","name":"Retiros Betania","url":"https:\/\/retirosbetania-betel.org\/","logo":{"@type":"ImageObject","inLanguage":"en-US","@id":"https:\/\/retirosbetania-betel.org\/#\/schema\/logo\/image\/","url":"https:\/\/retirosbetania-betel.org\/wp-content\/uploads\/2015\/10\/Betania2.jpg","contentUrl":"https:\/\/retirosbetania-betel.org\/wp-content\/uploads\/2015\/10\/Betania2.jpg","width":375,"height":179,"caption":"Retiros Betania"},"image":{"@id":"https:\/\/retirosbetania-betel.org\/#\/schema\/logo\/image\/"}}]}},"_links":{"self":[{"href":"https:\/\/retirosbetania-betel.org\/en\/wp-json\/wp\/v2\/pages\/27","targetHints":{"allow":["GET"]}}],"collection":[{"href":"https:\/\/retirosbetania-betel.org\/en\/wp-json\/wp\/v2\/pages"}],"about":[{"href":"https:\/\/retirosbetania-betel.org\/en\/wp-json\/wp\/v2\/types\/page"}],"author":[{"embeddable":true,"href":"https:\/\/retirosbetania-betel.org\/en\/wp-json\/wp\/v2\/users\/1"}],"replies":[{"embeddable":true,"href":"https:\/\/retirosbetania-betel.org\/en\/wp-json\/wp\/v2\/comments?post=27"}],"version-history":[{"count":133,"href":"https:\/\/retirosbetania-betel.org\/en\/wp-json\/wp\/v2\/pages\/27\/revisions"}],"predecessor-version":[{"id":708,"href":"https:\/\/retirosbetania-betel.org\/en\/wp-json\/wp\/v2\/pages\/27\/revisions\/708"}],"wp:attachment":[{"href":"https:\/\/retirosbetania-betel.org\/en\/wp-json\/wp\/v2\/media?parent=27"}],"curies":[{"name":"wp","href":"https:\/\/api.w.org\/{rel}","templated":true}]}}